{"id":36,"date":"2020-09-18T09:41:04","date_gmt":"2020-09-18T07:41:04","guid":{"rendered":"http:\/\/www.danleconsulting.com\/?page_id=36"},"modified":"2020-10-20T22:00:53","modified_gmt":"2020-10-20T20:00:53","slug":"projet","status":"publish","type":"page","link":"https:\/\/www.danleconsulting.com\/","title":{"rendered":"Bienvenue"},"content":{"rendered":"\t\t<div data-elementor-type=\"wp-page\" data-elementor-id=\"36\" class=\"elementor elementor-36\" data-elementor-settings=\"[]\">\n\t\t\t\t\t\t<div class=\"elementor-inner\">\n\t\t\t\t\t\t\t<div class=\"elementor-section-wrap\">\n\t\t\t\t\t\t\t<section class=\"elementor-section elementor-top-section elementor-element elementor-element-9b9b8b0 elementor-section-boxed elementor-section-height-default elementor-section-height-default\" data-id=\"9b9b8b0\" data-element_type=\"section\">\n\t\t\t\t\t\t<div class=\"elementor-container elementor-column-gap-default\">\n\t\t\t\t\t\t\t<div class=\"elementor-row\">\n\t\t\t\t\t<div class=\"elementor-column elementor-col-100 elementor-top-column elementor-element elementor-element-33e003b\" data-id=\"33e003b\" data-element_type=\"column\">\n\t\t\t<div class=\"elementor-column-wrap elementor-element-populated\">\n\t\t\t\t\t\t\t<div class=\"elementor-widget-wrap\">\n\t\t\t\t\t\t<div class=\"elementor-element elementor-element-0c4f4c5 elementor-widget elementor-widget-heading\" data-id=\"0c4f4c5\" data-element_type=\"widget\" data-widget_type=\"heading.default\">\n\t\t\t\t<div class=\"elementor-widget-container\">\n\t\t\t<h1 class=\"elementor-heading-title elementor-size-default\">Bienvenue<\/h1>\t\t<\/div>\n\t\t\t\t<\/div>\n\t\t\t\t\t\t<\/div>\n\t\t\t\t\t<\/div>\n\t\t<\/div>\n\t\t\t\t\t\t\t\t<\/div>\n\t\t\t\t\t<\/div>\n\t\t<\/section>\n\t\t\t\t<section class=\"elementor-section elementor-top-section elementor-element elementor-element-4c0b041 elementor-section-boxed elementor-section-height-default elementor-section-height-default\" data-id=\"4c0b041\" data-element_type=\"section\">\n\t\t\t\t\t\t<div class=\"elementor-container elementor-column-gap-default\">\n\t\t\t\t\t\t\t<div class=\"elementor-row\">\n\t\t\t\t\t<div class=\"elementor-column elementor-col-50 elementor-top-column elementor-element elementor-element-d5936a4\" data-id=\"d5936a4\" data-element_type=\"column\">\n\t\t\t<div class=\"elementor-column-wrap elementor-element-populated\">\n\t\t\t\t\t\t\t<div class=\"elementor-widget-wrap\">\n\t\t\t\t\t\t<div class=\"elementor-element elementor-element-02bc2c9 elementor-icon-list--layout-traditional elementor-list-item-link-full_width elementor-widget elementor-widget-icon-list\" data-id=\"02bc2c9\" data-element_type=\"widget\" data-widget_type=\"icon-list.default\">\n\t\t\t\t<div class=\"elementor-widget-container\">\n\t\t\t\t\t<ul class=\"elementor-icon-list-items\">\n\t\t\t\t\t\t\t<li class=\"elementor-icon-list-item\">\n\t\t\t\t\t\t\t\t\t\t\t<span class=\"elementor-icon-list-icon\">\n\t\t\t\t\t\t\t<i aria-hidden=\"true\" class=\"fas fa-check\"><\/i>\t\t\t\t\t\t<\/span>\n\t\t\t\t\t\t\t\t\t\t<span class=\"elementor-icon-list-text\"><b>Mon leitmotiv<\/b> : On n'ach\u00e8te pas un prix.<\/span>\n\t\t\t\t\t\t\t\t\t<\/li>\n\t\t\t\t\t\t\t\t<li class=\"elementor-icon-list-item\">\n\t\t\t\t\t\t\t\t\t\t\t<span class=\"elementor-icon-list-icon\">\n\t\t\t\t\t\t\t<i aria-hidden=\"true\" class=\"fas fa-check\"><\/i>\t\t\t\t\t\t<\/span>\n\t\t\t\t\t\t\t\t\t\t<span class=\"elementor-icon-list-text\"><b>Mon ambition business<\/b> :&nbsp; Laisser les Achats fonction support pour gagner les galons d'Achats <b>Business Partner<\/b>.<\/span>\n\t\t\t\t\t\t\t\t\t<\/li>\n\t\t\t\t\t\t\t\t<li class=\"elementor-icon-list-item\">\n\t\t\t\t\t\t\t\t\t\t\t<span class=\"elementor-icon-list-icon\">\n\t\t\t\t\t\t\t<i aria-hidden=\"true\" class=\"fas fa-check\"><\/i>\t\t\t\t\t\t<\/span>\n\t\t\t\t\t\t\t\t\t\t<span class=\"elementor-icon-list-text\"><b>Ma ligne de conduite<\/b>&nbsp;: Savoir valoriser ses comp\u00e9tences avec un <b>Personal Branding<\/b> efficace pour r\u00e9ussir sa d\u00e9marche professionnelle (CV, entretien, r\u00e9seaux sociaux).<\/span>\n\t\t\t\t\t\t\t\t\t<\/li>\n\t\t\t\t\t\t<\/ul>\n\t\t\t\t<\/div>\n\t\t\t\t<\/div>\n\t\t\t\t<div class=\"elementor-element elementor-element-9a2c2ef elementor-widget elementor-widget-spacer\" data-id=\"9a2c2ef\" data-element_type=\"widget\" data-widget_type=\"spacer.default\">\n\t\t\t\t<div class=\"elementor-widget-container\">\n\t\t\t\t\t<div class=\"elementor-spacer\">\n\t\t\t<div class=\"elementor-spacer-inner\"><\/div>\n\t\t<\/div>\n\t\t\t\t<\/div>\n\t\t\t\t<\/div>\n\t\t\t\t<div class=\"elementor-element elementor-element-2ba2e27 elementor-button-info elementor-align-center elementor-widget elementor-widget-button\" data-id=\"2ba2e27\" data-element_type=\"widget\" data-widget_type=\"button.default\">\n\t\t\t\t<div class=\"elementor-widget-container\">\n\t\t\t\t\t<div class=\"elementor-button-wrapper\">\n\t\t\t<a href=\"http:\/\/www.danleconsulting.com\/index.php\/bio\/\" class=\"elementor-button-link elementor-button elementor-size-md\" role=\"button\">\n\t\t\t\t\t\t<span class=\"elementor-button-content-wrapper\">\n\t\t\t\t\t\t<span class=\"elementor-button-text\">En savoir plus sur mon parcours<\/span>\n\t\t<\/span>\n\t\t\t\t\t<\/a>\n\t\t<\/div>\n\t\t\t\t<\/div>\n\t\t\t\t<\/div>\n\t\t\t\t\t\t<\/div>\n\t\t\t\t\t<\/div>\n\t\t<\/div>\n\t\t\t\t<div class=\"elementor-column elementor-col-50 elementor-top-column elementor-element elementor-element-8f5b766\" data-id=\"8f5b766\" data-element_type=\"column\">\n\t\t\t<div class=\"elementor-column-wrap elementor-element-populated\">\n\t\t\t\t\t\t\t<div class=\"elementor-widget-wrap\">\n\t\t\t\t\t\t<div class=\"elementor-element elementor-element-40e2526 elementor-widget elementor-widget-image\" data-id=\"40e2526\" data-element_type=\"widget\" data-widget_type=\"image.default\">\n\t\t\t\t<div class=\"elementor-widget-container\">\n\t\t\t\t\t<div class=\"elementor-image\">\n\t\t\t\t\t\t\t\t\t\t<img loading=\"lazy\" decoding=\"async\" width=\"1010\" height=\"1446\" src=\"https:\/\/www.danleconsulting.com\/wp-content\/uploads\/2020\/09\/image-modif-e1600416556276.jpg\" class=\"attachment-full size-full\" alt=\"\" srcset=\"https:\/\/www.danleconsulting.com\/wp-content\/uploads\/2020\/09\/image-modif-e1600416556276.jpg 1010w, https:\/\/www.danleconsulting.com\/wp-content\/uploads\/2020\/09\/image-modif-e1600416556276-210x300.jpg 210w, https:\/\/www.danleconsulting.com\/wp-content\/uploads\/2020\/09\/image-modif-e1600416556276-768x1100.jpg 768w, https:\/\/www.danleconsulting.com\/wp-content\/uploads\/2020\/09\/image-modif-e1600416556276-715x1024.jpg 715w, https:\/\/www.danleconsulting.com\/wp-content\/uploads\/2020\/09\/image-modif-e1600416556276-700x1002.jpg 700w, https:\/\/www.danleconsulting.com\/wp-content\/uploads\/2020\/09\/image-modif-e1600416556276-520x744.jpg 520w, https:\/\/www.danleconsulting.com\/wp-content\/uploads\/2020\/09\/image-modif-e1600416556276-360x515.jpg 360w, https:\/\/www.danleconsulting.com\/wp-content\/uploads\/2020\/09\/image-modif-e1600416556276-250x358.jpg 250w, https:\/\/www.danleconsulting.com\/wp-content\/uploads\/2020\/09\/image-modif-e1600416556276-100x143.jpg 100w\" sizes=\"(max-width: 1010px) 100vw, 1010px\" \/>\t\t\t\t\t\t\t\t\t\t\t<\/div>\n\t\t\t\t<\/div>\n\t\t\t\t<\/div>\n\t\t\t\t\t\t<\/div>\n\t\t\t\t\t<\/div>\n\t\t<\/div>\n\t\t\t\t\t\t\t\t<\/div>\n\t\t\t\t\t<\/div>\n\t\t<\/section>\n\t\t\t\t<section class=\"elementor-section elementor-top-section elementor-element elementor-element-0d5af41 elementor-section-boxed elementor-section-height-default elementor-section-height-default\" data-id=\"0d5af41\" data-element_type=\"section\">\n\t\t\t\t\t\t<div class=\"elementor-container elementor-column-gap-default\">\n\t\t\t\t\t\t\t<div class=\"elementor-row\">\n\t\t\t\t\t<div class=\"elementor-column elementor-col-100 elementor-top-column elementor-element elementor-element-9c097a7\" data-id=\"9c097a7\" data-element_type=\"column\">\n\t\t\t<div class=\"elementor-column-wrap elementor-element-populated\">\n\t\t\t\t\t\t\t<div class=\"elementor-widget-wrap\">\n\t\t\t\t\t\t<div class=\"elementor-element elementor-element-789fceb elementor-widget-divider--view-line_icon elementor-view-default elementor-widget-divider--element-align-center elementor-widget elementor-widget-divider\" data-id=\"789fceb\" data-element_type=\"widget\" data-widget_type=\"divider.default\">\n\t\t\t\t<div class=\"elementor-widget-container\">\n\t\t\t\t\t<div class=\"elementor-divider\">\n\t\t\t<span class=\"elementor-divider-separator\">\n\t\t\t\t\t\t\t<div class=\"elementor-icon elementor-divider__element\">\n\t\t\t\t\t<i aria-hidden=\"true\" class=\"far fa-circle\"><\/i><\/div>\n\t\t\t\t\t\t<\/span>\n\t\t<\/div>\n\t\t\t\t<\/div>\n\t\t\t\t<\/div>\n\t\t\t\t<div class=\"elementor-element elementor-element-745d7bf elementor-widget elementor-widget-heading\" data-id=\"745d7bf\" data-element_type=\"widget\" data-widget_type=\"heading.default\">\n\t\t\t\t<div class=\"elementor-widget-container\">\n\t\t\t<h2 class=\"elementor-heading-title elementor-size-default\">Mes Convictions<\/h2>\t\t<\/div>\n\t\t\t\t<\/div>\n\t\t\t\t\t\t<\/div>\n\t\t\t\t\t<\/div>\n\t\t<\/div>\n\t\t\t\t\t\t\t\t<\/div>\n\t\t\t\t\t<\/div>\n\t\t<\/section>\n\t\t\t\t<section class=\"elementor-section elementor-top-section elementor-element elementor-element-0510381 elementor-section-boxed elementor-section-height-default elementor-section-height-default\" data-id=\"0510381\" data-element_type=\"section\">\n\t\t\t\t\t\t<div class=\"elementor-container elementor-column-gap-default\">\n\t\t\t\t\t\t\t<div class=\"elementor-row\">\n\t\t\t\t\t<div class=\"elementor-column elementor-col-100 elementor-top-column elementor-element elementor-element-bdf0e06\" data-id=\"bdf0e06\" data-element_type=\"column\">\n\t\t\t<div class=\"elementor-column-wrap elementor-element-populated\">\n\t\t\t\t\t\t\t<div class=\"elementor-widget-wrap\">\n\t\t\t\t\t\t<section class=\"elementor-section elementor-inner-section elementor-element elementor-element-97bd14b elementor-section-boxed elementor-section-height-default elementor-section-height-default\" data-id=\"97bd14b\" data-element_type=\"section\">\n\t\t\t\t\t\t<div class=\"elementor-container elementor-column-gap-default\">\n\t\t\t\t\t\t\t<div class=\"elementor-row\">\n\t\t\t\t\t<div class=\"elementor-column elementor-col-50 elementor-inner-column elementor-element elementor-element-8687395\" data-id=\"8687395\" data-element_type=\"column\">\n\t\t\t<div class=\"elementor-column-wrap elementor-element-populated\">\n\t\t\t\t\t\t\t<div class=\"elementor-widget-wrap\">\n\t\t\t\t\t\t<div class=\"elementor-element elementor-element-38c9f64 elementor-widget elementor-widget-text-editor\" data-id=\"38c9f64\" data-element_type=\"widget\" data-widget_type=\"text-editor.default\">\n\t\t\t\t<div class=\"elementor-widget-container\">\n\t\t\t\t\t<div class=\"elementor-text-editor elementor-clearfix\"><p>Je suis convaincue que pour \u00eatre efficace, il faut optimiser toutes les ressources investies &#8211; et non seulement le prix &#8211; tout en maximisant les r\u00e9sultats op\u00e9rationnels.<\/p><p>Les deux dimensions sont essentielles pour mesurer concr\u00e8tement la performance globale.<\/p><p>\u00a0<\/p><p>C&#8217;est la raison pour laquelle je con\u00e7ois les <b><a href=\"http:\/\/www.danleconsulting.com\/index.php\/mes-services\/\">Achats<\/a><\/b> comme un Business Partner pour d\u00e9livrer l&#8217;excellence strat\u00e9gique, op\u00e9rationnelle et organisationnelle.\u2028\u2028<\/p><p>\u00a0<\/p><p>Passionn\u00e9e des achats, j\u2019ai \u00e9galement \u00e0 coeur le partage d&#8217;expertise d&#8217;un m\u00e9tier innovant au travers d&#8217;un enseignement m\u00ealant p\u00e9dagogie et sens du business.<\/p><\/div>\n\t\t\t\t<\/div>\n\t\t\t\t<\/div>\n\t\t\t\t\t\t<\/div>\n\t\t\t\t\t<\/div>\n\t\t<\/div>\n\t\t\t\t<div class=\"elementor-column elementor-col-50 elementor-inner-column elementor-element elementor-element-9521c54\" data-id=\"9521c54\" data-element_type=\"column\">\n\t\t\t<div class=\"elementor-column-wrap elementor-element-populated\">\n\t\t\t\t\t\t\t<div class=\"elementor-widget-wrap\">\n\t\t\t\t\t\t<div class=\"elementor-element elementor-element-919d48c elementor-widget elementor-widget-text-editor\" data-id=\"919d48c\" data-element_type=\"widget\" data-widget_type=\"text-editor.default\">\n\t\t\t\t<div class=\"elementor-widget-container\">\n\t\t\t\t\t<div class=\"elementor-text-editor elementor-clearfix\"><p>La cr\u00e9ation de la mineure achats \u00e0 destination des \u00e9tudiants ing\u00e9nieurs de l&#8217;ECE Paris est une concr\u00e9tisation de mon objectif de transmission d&#8217;envies et de comp\u00e9tences.<\/p><p>Les exp\u00e9riences que j\u2019ai capitalis\u00e9es dans la formation m\u2019ont conduite aussi vers la <b><a href=\"http:\/\/www.danleconsulting.com\/index.php\/coaching\/\">transmission de comp\u00e9tences<\/a><\/b> interpersonnelles pour r\u00e9ussir sa d\u00e9marche professionnelle : CV impactant, coaching d\u2019entretien, profil r\u00e9seau social et strat\u00e9gie de recherche.<\/p><p>Se doter ou doter son organisation de hard-skills et de soft-skills pour bien acheter et bien vendre ses projets, ses convictions, ses comp\u00e9tences, le programme vous s\u00e9duit ?<b><\/b><\/p><\/div>\n\t\t\t\t<\/div>\n\t\t\t\t<\/div>\n\t\t\t\t<div class=\"elementor-element elementor-element-3f31416 elementor-button-info elementor-align-center elementor-widget elementor-widget-button\" data-id=\"3f31416\" data-element_type=\"widget\" data-widget_type=\"button.default\">\n\t\t\t\t<div class=\"elementor-widget-container\">\n\t\t\t\t\t<div class=\"elementor-button-wrapper\">\n\t\t\t<a href=\"http:\/\/www.danleconsulting.com\/index.php\/contact\/\" class=\"elementor-button-link elementor-button elementor-size-md\" role=\"button\">\n\t\t\t\t\t\t<span class=\"elementor-button-content-wrapper\">\n\t\t\t\t\t\t<span class=\"elementor-button-text\">Et si nous en parlions ?<\/span>\n\t\t<\/span>\n\t\t\t\t\t<\/a>\n\t\t<\/div>\n\t\t\t\t<\/div>\n\t\t\t\t<\/div>\n\t\t\t\t\t\t<\/div>\n\t\t\t\t\t<\/div>\n\t\t<\/div>\n\t\t\t\t\t\t\t\t<\/div>\n\t\t\t\t\t<\/div>\n\t\t<\/section>\n\t\t\t\t\t\t<\/div>\n\t\t\t\t\t<\/div>\n\t\t<\/div>\n\t\t\t\t\t\t\t\t<\/div>\n\t\t\t\t\t<\/div>\n\t\t<\/section>\n\t\t\t\t\t\t<\/div>\n\t\t\t\t\t\t<\/div>\n\t\t\t\t\t<\/div>\n\t\t","protected":false},"excerpt":{"rendered":"<p>Bienvenue Mon leitmotiv : On n&#8217;ach\u00e8te pas un prix. Mon ambition business :&nbsp; Laisser les Achats fonction support pour gagner les galons d&#8217;Achats Business Partner. Ma ligne de conduite&nbsp;: Savoir valoriser ses comp\u00e9tences avec un Personal Branding efficace pour r\u00e9ussir [&hellip;]<\/p>\n","protected":false},"author":1,"featured_media":0,"parent":0,"menu_order":0,"comment_status":"closed","ping_status":"closed","template":"page-templates\/page_builder.php","meta":{"footnotes":""},"_links":{"self":[{"href":"https:\/\/www.danleconsulting.com\/index.php\/wp-json\/wp\/v2\/pages\/36"}],"collection":[{"href":"https:\/\/www.danleconsulting.com\/index.php\/wp-json\/wp\/v2\/pages"}],"about":[{"href":"https:\/\/www.danleconsulting.com\/index.php\/wp-json\/wp\/v2\/types\/page"}],"author":[{"embeddable":true,"href":"https:\/\/www.danleconsulting.com\/index.php\/wp-json\/wp\/v2\/users\/1"}],"replies":[{"embeddable":true,"href":"https:\/\/www.danleconsulting.com\/index.php\/wp-json\/wp\/v2\/comments?post=36"}],"version-history":[{"count":110,"href":"https:\/\/www.danleconsulting.com\/index.php\/wp-json\/wp\/v2\/pages\/36\/revisions"}],"predecessor-version":[{"id":733,"href":"https:\/\/www.danleconsulting.com\/index.php\/wp-json\/wp\/v2\/pages\/36\/revisions\/733"}],"wp:attachment":[{"href":"https:\/\/www.danleconsulting.com\/index.php\/wp-json\/wp\/v2\/media?parent=36"}],"curies":[{"name":"wp","href":"https:\/\/api.w.org\/{rel}","templated":true}]}}