{"id":180,"date":"2020-09-19T17:56:21","date_gmt":"2020-09-19T15:56:21","guid":{"rendered":"http:\/\/www.danleconsulting.com\/?page_id=180"},"modified":"2020-10-20T22:02:25","modified_gmt":"2020-10-20T20:02:25","slug":"bio","status":"publish","type":"page","link":"https:\/\/www.danleconsulting.com\/index.php\/bio\/","title":{"rendered":"Bio"},"content":{"rendered":"\t\t<div data-elementor-type=\"wp-page\" data-elementor-id=\"180\" class=\"elementor elementor-180\" data-elementor-settings=\"[]\">\n\t\t\t\t\t\t<div class=\"elementor-inner\">\n\t\t\t\t\t\t\t<div class=\"elementor-section-wrap\">\n\t\t\t\t\t\t\t<section class=\"elementor-section elementor-top-section elementor-element elementor-element-60c500b elementor-section-boxed elementor-section-height-default elementor-section-height-default\" data-id=\"60c500b\" data-element_type=\"section\">\n\t\t\t\t\t\t<div class=\"elementor-container elementor-column-gap-default\">\n\t\t\t\t\t\t\t<div class=\"elementor-row\">\n\t\t\t\t\t<div class=\"elementor-column elementor-col-100 elementor-top-column elementor-element elementor-element-167284b\" data-id=\"167284b\" data-element_type=\"column\">\n\t\t\t<div class=\"elementor-column-wrap elementor-element-populated\">\n\t\t\t\t\t\t\t<div class=\"elementor-widget-wrap\">\n\t\t\t\t\t\t<div class=\"elementor-element elementor-element-99087b9 elementor-widget elementor-widget-heading\" data-id=\"99087b9\" data-element_type=\"widget\" data-widget_type=\"heading.default\">\n\t\t\t\t<div class=\"elementor-widget-container\">\n\t\t\t<h1 class=\"elementor-heading-title elementor-size-default\">Bio<\/h1>\t\t<\/div>\n\t\t\t\t<\/div>\n\t\t\t\t\t\t<\/div>\n\t\t\t\t\t<\/div>\n\t\t<\/div>\n\t\t\t\t\t\t\t\t<\/div>\n\t\t\t\t\t<\/div>\n\t\t<\/section>\n\t\t\t\t<section class=\"elementor-section elementor-top-section elementor-element elementor-element-b84806e elementor-section-boxed elementor-section-height-default elementor-section-height-default\" data-id=\"b84806e\" data-element_type=\"section\">\n\t\t\t\t\t\t<div class=\"elementor-container elementor-column-gap-default\">\n\t\t\t\t\t\t\t<div class=\"elementor-row\">\n\t\t\t\t\t<div class=\"elementor-column elementor-col-50 elementor-top-column elementor-element elementor-element-12b6c78\" data-id=\"12b6c78\" data-element_type=\"column\">\n\t\t\t<div class=\"elementor-column-wrap elementor-element-populated\">\n\t\t\t\t\t\t\t<div class=\"elementor-widget-wrap\">\n\t\t\t\t\t\t<div class=\"elementor-element elementor-element-1b2b145 elementor-widget elementor-widget-text-editor\" data-id=\"1b2b145\" data-element_type=\"widget\" data-widget_type=\"text-editor.default\">\n\t\t\t\t<div class=\"elementor-widget-container\">\n\t\t\t\t\t<div class=\"elementor-text-editor elementor-clearfix\"><p>Avec une carri\u00e8re dans deux grands groupes, le Groupe Shell pendant 17 ans, puis le Groupe Canal+ pendant 14 ans, je suis famili\u00e8re avec les organisations complexes et les structures internationales.<\/p><p>Mes comp\u00e9tences m\u00e9tier s\u2019organisent autour de trois parcours op\u00e9rationnels :<\/p><\/div>\n\t\t\t\t<\/div>\n\t\t\t\t<\/div>\n\t\t\t\t<div class=\"elementor-element elementor-element-5f68db8 elementor-icon-list--layout-traditional elementor-list-item-link-full_width elementor-widget elementor-widget-icon-list\" data-id=\"5f68db8\" data-element_type=\"widget\" data-widget_type=\"icon-list.default\">\n\t\t\t\t<div class=\"elementor-widget-container\">\n\t\t\t\t\t<ul class=\"elementor-icon-list-items\">\n\t\t\t\t\t\t\t<li class=\"elementor-icon-list-item\">\n\t\t\t\t\t\t\t\t\t\t\t<span class=\"elementor-icon-list-icon\">\n\t\t\t\t\t\t\t<i aria-hidden=\"true\" class=\"fas fa-check\"><\/i>\t\t\t\t\t\t<\/span>\n\t\t\t\t\t\t\t\t\t\t<span class=\"elementor-icon-list-text\">Les syst\u00e8mes d\u2019information avec l\u2019analyse fonctionnelle et la mise en place d\u2019outils.<\/span>\n\t\t\t\t\t\t\t\t\t<\/li>\n\t\t\t\t\t\t\t\t<li class=\"elementor-icon-list-item\">\n\t\t\t\t\t\t\t\t\t\t\t<span class=\"elementor-icon-list-icon\">\n\t\t\t\t\t\t\t<i aria-hidden=\"true\" class=\"fas fa-check\"><\/i>\t\t\t\t\t\t<\/span>\n\t\t\t\t\t\t\t\t\t\t<span class=\"elementor-icon-list-text\">Le marketing, la communication et la vente.<\/span>\n\t\t\t\t\t\t\t\t\t<\/li>\n\t\t\t\t\t\t\t\t<li class=\"elementor-icon-list-item\">\n\t\t\t\t\t\t\t\t\t\t\t<span class=\"elementor-icon-list-icon\">\n\t\t\t\t\t\t\t<i aria-hidden=\"true\" class=\"fas fa-check\"><\/i>\t\t\t\t\t\t<\/span>\n\t\t\t\t\t\t\t\t\t\t<span class=\"elementor-icon-list-text\">Les achats avec une haute expertise sur des domaines diversifi\u00e9s :<\/span>\n\t\t\t\t\t\t\t\t\t<\/li>\n\t\t\t\t\t\t<\/ul>\n\t\t\t\t<\/div>\n\t\t\t\t<\/div>\n\t\t\t\t<div class=\"elementor-element elementor-element-7dcaa66 elementor-widget elementor-widget-text-editor\" data-id=\"7dcaa66\" data-element_type=\"widget\" data-widget_type=\"text-editor.default\">\n\t\t\t\t<div class=\"elementor-widget-container\">\n\t\t\t\t\t<div class=\"elementor-text-editor elementor-clearfix\"><p>Achats industriels<br \/>Achats techniques<br \/>Achats informatiques<br \/>Achats projets<br \/>Achats marketing<\/p><\/div>\n\t\t\t\t<\/div>\n\t\t\t\t<\/div>\n\t\t\t\t\t\t<\/div>\n\t\t\t\t\t<\/div>\n\t\t<\/div>\n\t\t\t\t<div class=\"elementor-column elementor-col-50 elementor-top-column elementor-element elementor-element-1c27e82\" data-id=\"1c27e82\" data-element_type=\"column\">\n\t\t\t<div class=\"elementor-column-wrap elementor-element-populated\">\n\t\t\t\t\t\t\t<div class=\"elementor-widget-wrap\">\n\t\t\t\t\t\t<div class=\"elementor-element elementor-element-756a3b4 elementor-widget elementor-widget-image\" data-id=\"756a3b4\" data-element_type=\"widget\" data-widget_type=\"image.default\">\n\t\t\t\t<div class=\"elementor-widget-container\">\n\t\t\t\t\t<div class=\"elementor-image\">\n\t\t\t\t\t\t\t\t\t\t<img loading=\"lazy\" decoding=\"async\" width=\"429\" height=\"572\" src=\"https:\/\/www.danleconsulting.com\/wp-content\/uploads\/2020\/09\/DANportrait-35pourcent.jpg\" class=\"attachment-full size-full\" alt=\"\" srcset=\"https:\/\/www.danleconsulting.com\/wp-content\/uploads\/2020\/09\/DANportrait-35pourcent.jpg 429w, https:\/\/www.danleconsulting.com\/wp-content\/uploads\/2020\/09\/DANportrait-35pourcent-225x300.jpg 225w, https:\/\/www.danleconsulting.com\/wp-content\/uploads\/2020\/09\/DANportrait-35pourcent-360x480.jpg 360w, https:\/\/www.danleconsulting.com\/wp-content\/uploads\/2020\/09\/DANportrait-35pourcent-250x333.jpg 250w, https:\/\/www.danleconsulting.com\/wp-content\/uploads\/2020\/09\/DANportrait-35pourcent-100x133.jpg 100w\" sizes=\"(max-width: 429px) 100vw, 429px\" \/>\t\t\t\t\t\t\t\t\t\t\t<\/div>\n\t\t\t\t<\/div>\n\t\t\t\t<\/div>\n\t\t\t\t\t\t<\/div>\n\t\t\t\t\t<\/div>\n\t\t<\/div>\n\t\t\t\t\t\t\t\t<\/div>\n\t\t\t\t\t<\/div>\n\t\t<\/section>\n\t\t\t\t<section class=\"elementor-section elementor-top-section elementor-element elementor-element-753d09f elementor-section-boxed elementor-section-height-default elementor-section-height-default\" data-id=\"753d09f\" data-element_type=\"section\">\n\t\t\t\t\t\t<div class=\"elementor-container elementor-column-gap-default\">\n\t\t\t\t\t\t\t<div class=\"elementor-row\">\n\t\t\t\t\t<div class=\"elementor-column elementor-col-100 elementor-top-column elementor-element elementor-element-9f2328b\" data-id=\"9f2328b\" data-element_type=\"column\">\n\t\t\t<div class=\"elementor-column-wrap elementor-element-populated\">\n\t\t\t\t\t\t\t<div class=\"elementor-widget-wrap\">\n\t\t\t\t\t\t<div class=\"elementor-element elementor-element-c4721e8 elementor-widget elementor-widget-text-editor\" data-id=\"c4721e8\" data-element_type=\"widget\" data-widget_type=\"text-editor.default\">\n\t\t\t\t<div class=\"elementor-widget-container\">\n\t\t\t\t\t<div class=\"elementor-text-editor elementor-clearfix\"><p>De mon parcours dans les diff\u00e9rentes fonctions de l\u2019entreprise, j\u2019ai acquis la capacit\u00e9 \u00e0 comprendre rapidement les enjeux business et \u00e0 favoriser une d\u00e9marche transverse pour construire des objectifs partag\u00e9s.<\/p><p>\u00a0<\/p><p>La d\u00e9marche de Business Partner est r\u00e9ellement cl\u00e9 pour r\u00e9ussir \u00e0 installer <b>l\u2019excellence des Achats<\/b> dans la dur\u00e9e pour en faire un <b>vecteur de comp\u00e9titivit\u00e9<\/b>.<\/p><p>\u00a0<\/p><p>C\u00f4t\u00e9 management, j\u2019ai construit des \u00e9quipes, recrut\u00e9 des collaborateurs, les ai pilot\u00e9s et d\u00e9velopp\u00e9s au quotidien pour d\u00e9livrer ensemble l\u2019excellence op\u00e9rationnelle. Le partage des expertises et l\u2019accompagnement des collaborateurs dans leur carri\u00e8re sont des valeurs qui m\u2019ont port\u00e9e vers la transmission \u00e0 travers la formation (ECE Paris, Universit\u00e9 Paris 1 Panth\u00e9on Sorbonne) et le coaching dans la recherche d\u2019emplois (MyJobGlasses, UEVP).<\/p><p>\u00a0<\/p><p>Je suis convaincue que pour faire la diff\u00e9rence, il s\u2019agit de <b>savoir-faire<\/b> et \u00e9galement de <b>faire savoir,<\/b> gr\u00e2ce \u00e0 une communication efficace, \u00e0 l\u2019\u00e9crit et en entretien. Aussi, j\u2019ai \u00e0 c\u0153ur d\u2019accompagner le candidat pour d\u00e9velopper une communication performante et valoriser de son capital le plus pr\u00e9cieux : Lui-m\u00eame. Il s\u2019agit de professionnaliser son profil et sa recherche pour \u00e9merger et transformer l\u2019essai.<\/p><p>\u00a0<\/p><p>Travailler sa\u00a0\u2019marque\u2019 &#8211; Personal branding &#8211; un r\u00e9flexe indispensable \u00e0 adopter tout au long de sa carri\u00e8re pour <b>ouvrir les opportunit\u00e9s et \u00e9voluer.<\/b><\/p><\/div>\n\t\t\t\t<\/div>\n\t\t\t\t<\/div>\n\t\t\t\t<div class=\"elementor-element elementor-element-43d881d elementor-button-info elementor-align-center elementor-widget elementor-widget-button\" data-id=\"43d881d\" data-element_type=\"widget\" data-widget_type=\"button.default\">\n\t\t\t\t<div class=\"elementor-widget-container\">\n\t\t\t\t\t<div class=\"elementor-button-wrapper\">\n\t\t\t<a href=\"http:\/\/www.danleconsulting.com\/index.php\/contact\/\" class=\"elementor-button-link elementor-button elementor-size-md\" role=\"button\">\n\t\t\t\t\t\t<span class=\"elementor-button-content-wrapper\">\n\t\t\t\t\t\t<span class=\"elementor-button-text\">Et si nous en parlions ?<\/span>\n\t\t<\/span>\n\t\t\t\t\t<\/a>\n\t\t<\/div>\n\t\t\t\t<\/div>\n\t\t\t\t<\/div>\n\t\t\t\t\t\t<\/div>\n\t\t\t\t\t<\/div>\n\t\t<\/div>\n\t\t\t\t\t\t\t\t<\/div>\n\t\t\t\t\t<\/div>\n\t\t<\/section>\n\t\t\t\t\t\t<\/div>\n\t\t\t\t\t\t<\/div>\n\t\t\t\t\t<\/div>\n\t\t","protected":false},"excerpt":{"rendered":"<p>Bio Avec une carri\u00e8re dans deux grands groupes, le Groupe Shell pendant 17 ans, puis le Groupe Canal+ pendant 14 ans, je suis famili\u00e8re avec les organisations complexes et les structures internationales. Mes comp\u00e9tences m\u00e9tier s\u2019organisent autour de trois parcours [&hellip;]<\/p>\n","protected":false},"author":1,"featured_media":0,"parent":0,"menu_order":0,"comment_status":"closed","ping_status":"closed","template":"page-templates\/page_builder.php","meta":{"footnotes":""},"_links":{"self":[{"href":"https:\/\/www.danleconsulting.com\/index.php\/wp-json\/wp\/v2\/pages\/180"}],"collection":[{"href":"https:\/\/www.danleconsulting.com\/index.php\/wp-json\/wp\/v2\/pages"}],"about":[{"href":"https:\/\/www.danleconsulting.com\/index.php\/wp-json\/wp\/v2\/types\/page"}],"author":[{"embeddable":true,"href":"https:\/\/www.danleconsulting.com\/index.php\/wp-json\/wp\/v2\/users\/1"}],"replies":[{"embeddable":true,"href":"https:\/\/www.danleconsulting.com\/index.php\/wp-json\/wp\/v2\/comments?post=180"}],"version-history":[{"count":32,"href":"https:\/\/www.danleconsulting.com\/index.php\/wp-json\/wp\/v2\/pages\/180\/revisions"}],"predecessor-version":[{"id":734,"href":"https:\/\/www.danleconsulting.com\/index.php\/wp-json\/wp\/v2\/pages\/180\/revisions\/734"}],"wp:attachment":[{"href":"https:\/\/www.danleconsulting.com\/index.php\/wp-json\/wp\/v2\/media?parent=180"}],"curies":[{"name":"wp","href":"https:\/\/api.w.org\/{rel}","templated":true}]}}