{"id":170,"date":"2020-09-19T17:23:23","date_gmt":"2020-09-19T15:23:23","guid":{"rendered":"http:\/\/www.danleconsulting.com\/?page_id=170"},"modified":"2020-10-20T17:25:36","modified_gmt":"2020-10-20T15:25:36","slug":"coaching","status":"publish","type":"page","link":"https:\/\/www.danleconsulting.com\/index.php\/coaching\/","title":{"rendered":"Coaching"},"content":{"rendered":"\t\t<div data-elementor-type=\"wp-page\" data-elementor-id=\"170\" class=\"elementor elementor-170\" data-elementor-settings=\"[]\">\n\t\t\t\t\t\t<div class=\"elementor-inner\">\n\t\t\t\t\t\t\t<div class=\"elementor-section-wrap\">\n\t\t\t\t\t\t\t<section class=\"elementor-section elementor-top-section elementor-element elementor-element-afa89cd elementor-section-boxed elementor-section-height-default elementor-section-height-default\" data-id=\"afa89cd\" data-element_type=\"section\">\n\t\t\t\t\t\t<div class=\"elementor-container elementor-column-gap-default\">\n\t\t\t\t\t\t\t<div class=\"elementor-row\">\n\t\t\t\t\t<div class=\"elementor-column elementor-col-100 elementor-top-column elementor-element elementor-element-ed9076e\" data-id=\"ed9076e\" data-element_type=\"column\">\n\t\t\t<div class=\"elementor-column-wrap elementor-element-populated\">\n\t\t\t\t\t\t\t<div class=\"elementor-widget-wrap\">\n\t\t\t\t\t\t<div class=\"elementor-element elementor-element-b7e5f9f elementor-widget elementor-widget-heading\" data-id=\"b7e5f9f\" data-element_type=\"widget\" data-widget_type=\"heading.default\">\n\t\t\t\t<div class=\"elementor-widget-container\">\n\t\t\t<h1 class=\"elementor-heading-title elementor-size-default\">Coaching<\/h1>\t\t<\/div>\n\t\t\t\t<\/div>\n\t\t\t\t\t\t<\/div>\n\t\t\t\t\t<\/div>\n\t\t<\/div>\n\t\t\t\t\t\t\t\t<\/div>\n\t\t\t\t\t<\/div>\n\t\t<\/section>\n\t\t\t\t<section class=\"elementor-section elementor-top-section elementor-element elementor-element-2d8d81b elementor-section-boxed elementor-section-height-default elementor-section-height-default\" data-id=\"2d8d81b\" data-element_type=\"section\">\n\t\t\t\t\t\t<div class=\"elementor-container elementor-column-gap-default\">\n\t\t\t\t\t\t\t<div class=\"elementor-row\">\n\t\t\t\t\t<div class=\"elementor-column elementor-col-50 elementor-top-column elementor-element elementor-element-ccbc8c5\" data-id=\"ccbc8c5\" data-element_type=\"column\">\n\t\t\t<div class=\"elementor-column-wrap elementor-element-populated\">\n\t\t\t\t\t\t\t<div class=\"elementor-widget-wrap\">\n\t\t\t\t\t\t<div class=\"elementor-element elementor-element-d52c5bb elementor-widget elementor-widget-text-editor\" data-id=\"d52c5bb\" data-element_type=\"widget\" data-widget_type=\"text-editor.default\">\n\t\t\t\t<div class=\"elementor-widget-container\">\n\t\t\t\t\t<div class=\"elementor-text-editor elementor-clearfix\"><p>Parce qu\u2019\u00e0 tout moment de votre parcours professionnel, que vous soyez en recherche de stage ou de poste, ou encore en recherche d\u2019\u00e9volution \u00e0 l\u2019int\u00e9rieur de l\u2019entreprise, le succ\u00e8s de votre d\u00e9marche d\u00e9pend de votre capacit\u00e9 \u00e0 valoriser vos comp\u00e9tences techniques\/ m\u00e9tier et vos comp\u00e9tences interpersonnelles.<\/p><\/div>\n\t\t\t\t<\/div>\n\t\t\t\t<\/div>\n\t\t\t\t<div class=\"elementor-element elementor-element-3f07b2f elementor-icon-list--layout-traditional elementor-list-item-link-full_width elementor-widget elementor-widget-icon-list\" data-id=\"3f07b2f\" data-element_type=\"widget\" data-widget_type=\"icon-list.default\">\n\t\t\t\t<div class=\"elementor-widget-container\">\n\t\t\t\t\t<ul class=\"elementor-icon-list-items\">\n\t\t\t\t\t\t\t<li class=\"elementor-icon-list-item\">\n\t\t\t\t\t\t\t\t\t\t\t<span class=\"elementor-icon-list-icon\">\n\t\t\t\t\t\t\t<i aria-hidden=\"true\" class=\"fas fa-check\"><\/i>\t\t\t\t\t\t<\/span>\n\t\t\t\t\t\t\t\t\t\t<span class=\"elementor-icon-list-text\"><b>Adopter une strat\u00e9gie de recherche pertinente.<\/b><\/span>\n\t\t\t\t\t\t\t\t\t<\/li>\n\t\t\t\t\t\t\t\t<li class=\"elementor-icon-list-item\">\n\t\t\t\t\t\t\t\t\t\t\t<span class=\"elementor-icon-list-icon\">\n\t\t\t\t\t\t\t<i aria-hidden=\"true\" class=\"fas fa-check\"><\/i>\t\t\t\t\t\t<\/span>\n\t\t\t\t\t\t\t\t\t\t<span class=\"elementor-icon-list-text\"><b>R\u00e9diger un CV impactant.<\/b><\/span>\n\t\t\t\t\t\t\t\t\t<\/li>\n\t\t\t\t\t\t\t\t<li class=\"elementor-icon-list-item\">\n\t\t\t\t\t\t\t\t\t\t\t<span class=\"elementor-icon-list-icon\">\n\t\t\t\t\t\t\t<i aria-hidden=\"true\" class=\"fas fa-check\"><\/i>\t\t\t\t\t\t<\/span>\n\t\t\t\t\t\t\t\t\t\t<span class=\"elementor-icon-list-text\"><b>Mettre<\/b> <b>en place une d\u00e9marche efficace sur les r\u00e9seaux sociaux.<\/b><\/span>\n\t\t\t\t\t\t\t\t\t<\/li>\n\t\t\t\t\t\t\t\t<li class=\"elementor-icon-list-item\">\n\t\t\t\t\t\t\t\t\t\t\t<span class=\"elementor-icon-list-icon\">\n\t\t\t\t\t\t\t<i aria-hidden=\"true\" class=\"fas fa-check\"><\/i>\t\t\t\t\t\t<\/span>\n\t\t\t\t\t\t\t\t\t\t<span class=\"elementor-icon-list-text\"><b>Etre performant en entretien d\u2019embauche.<\/b><\/span>\n\t\t\t\t\t\t\t\t\t<\/li>\n\t\t\t\t\t\t<\/ul>\n\t\t\t\t<\/div>\n\t\t\t\t<\/div>\n\t\t\t\t\t\t<\/div>\n\t\t\t\t\t<\/div>\n\t\t<\/div>\n\t\t\t\t<div class=\"elementor-column elementor-col-50 elementor-top-column elementor-element elementor-element-2519641\" data-id=\"2519641\" data-element_type=\"column\">\n\t\t\t<div class=\"elementor-column-wrap elementor-element-populated\">\n\t\t\t\t\t\t\t<div class=\"elementor-widget-wrap\">\n\t\t\t\t\t\t<div class=\"elementor-element elementor-element-4fc0450 elementor-widget elementor-widget-image\" data-id=\"4fc0450\" data-element_type=\"widget\" data-widget_type=\"image.default\">\n\t\t\t\t<div class=\"elementor-widget-container\">\n\t\t\t\t\t<div class=\"elementor-image\">\n\t\t\t\t\t\t\t\t\t\t<img loading=\"lazy\" decoding=\"async\" width=\"945\" height=\"886\" src=\"https:\/\/www.danleconsulting.com\/wp-content\/uploads\/2020\/10\/Coaching.png\" class=\"attachment-full size-full\" alt=\"\" srcset=\"https:\/\/www.danleconsulting.com\/wp-content\/uploads\/2020\/10\/Coaching.png 945w, https:\/\/www.danleconsulting.com\/wp-content\/uploads\/2020\/10\/Coaching-300x281.png 300w, https:\/\/www.danleconsulting.com\/wp-content\/uploads\/2020\/10\/Coaching-768x720.png 768w, https:\/\/www.danleconsulting.com\/wp-content\/uploads\/2020\/10\/Coaching-700x656.png 700w, https:\/\/www.danleconsulting.com\/wp-content\/uploads\/2020\/10\/Coaching-520x488.png 520w, https:\/\/www.danleconsulting.com\/wp-content\/uploads\/2020\/10\/Coaching-360x338.png 360w, https:\/\/www.danleconsulting.com\/wp-content\/uploads\/2020\/10\/Coaching-250x234.png 250w, https:\/\/www.danleconsulting.com\/wp-content\/uploads\/2020\/10\/Coaching-100x94.png 100w\" sizes=\"(max-width: 945px) 100vw, 945px\" \/>\t\t\t\t\t\t\t\t\t\t\t<\/div>\n\t\t\t\t<\/div>\n\t\t\t\t<\/div>\n\t\t\t\t\t\t<\/div>\n\t\t\t\t\t<\/div>\n\t\t<\/div>\n\t\t\t\t\t\t\t\t<\/div>\n\t\t\t\t\t<\/div>\n\t\t<\/section>\n\t\t\t\t<section class=\"elementor-section elementor-top-section elementor-element elementor-element-d2eb2fd elementor-section-boxed elementor-section-height-default elementor-section-height-default\" data-id=\"d2eb2fd\" data-element_type=\"section\">\n\t\t\t\t\t\t<div class=\"elementor-container elementor-column-gap-default\">\n\t\t\t\t\t\t\t<div class=\"elementor-row\">\n\t\t\t\t\t<div class=\"elementor-column elementor-col-100 elementor-top-column elementor-element elementor-element-a570140\" data-id=\"a570140\" data-element_type=\"column\">\n\t\t\t<div class=\"elementor-column-wrap elementor-element-populated\">\n\t\t\t\t\t\t\t<div class=\"elementor-widget-wrap\">\n\t\t\t\t\t\t<div class=\"elementor-element elementor-element-bd6a6af elementor-widget-divider--view-line_icon elementor-view-default elementor-widget-divider--element-align-center elementor-widget elementor-widget-divider\" data-id=\"bd6a6af\" data-element_type=\"widget\" data-widget_type=\"divider.default\">\n\t\t\t\t<div class=\"elementor-widget-container\">\n\t\t\t\t\t<div class=\"elementor-divider\">\n\t\t\t<span class=\"elementor-divider-separator\">\n\t\t\t\t\t\t\t<div class=\"elementor-icon elementor-divider__element\">\n\t\t\t\t\t<i aria-hidden=\"true\" class=\"far fa-circle\"><\/i><\/div>\n\t\t\t\t\t\t<\/span>\n\t\t<\/div>\n\t\t\t\t<\/div>\n\t\t\t\t<\/div>\n\t\t\t\t<div class=\"elementor-element elementor-element-0b141b9 elementor-widget elementor-widget-heading\" data-id=\"0b141b9\" data-element_type=\"widget\" data-widget_type=\"heading.default\">\n\t\t\t\t<div class=\"elementor-widget-container\">\n\t\t\t<h2 class=\"elementor-heading-title elementor-size-default\">Mes Prestations<\/h2>\t\t<\/div>\n\t\t\t\t<\/div>\n\t\t\t\t\t\t<\/div>\n\t\t\t\t\t<\/div>\n\t\t<\/div>\n\t\t\t\t\t\t\t\t<\/div>\n\t\t\t\t\t<\/div>\n\t\t<\/section>\n\t\t\t\t<section class=\"elementor-section elementor-top-section elementor-element elementor-element-5e8f526 elementor-section-boxed elementor-section-height-default elementor-section-height-default\" data-id=\"5e8f526\" data-element_type=\"section\">\n\t\t\t\t\t\t<div class=\"elementor-container elementor-column-gap-default\">\n\t\t\t\t\t\t\t<div class=\"elementor-row\">\n\t\t\t\t\t<div class=\"elementor-column elementor-col-100 elementor-top-column elementor-element elementor-element-f8e74bd\" data-id=\"f8e74bd\" data-element_type=\"column\">\n\t\t\t<div class=\"elementor-column-wrap elementor-element-populated\">\n\t\t\t\t\t\t\t<div class=\"elementor-widget-wrap\">\n\t\t\t\t\t\t<div class=\"elementor-element elementor-element-3d66ef4 elementor-widget elementor-widget-text-editor\" data-id=\"3d66ef4\" data-element_type=\"widget\" data-widget_type=\"text-editor.default\">\n\t\t\t\t<div class=\"elementor-widget-container\">\n\t\t\t\t\t<div class=\"elementor-text-editor elementor-clearfix\"><p>J\u2019interviens en coaching individuel ou en atelier collectif pour valoriser vos comp\u00e9tences techniques, manag\u00e9riales et relationnelles.<\/p><\/div>\n\t\t\t\t<\/div>\n\t\t\t\t<\/div>\n\t\t\t\t<section class=\"elementor-section elementor-inner-section elementor-element elementor-element-8928c32 elementor-section-boxed elementor-section-height-default elementor-section-height-default\" data-id=\"8928c32\" data-element_type=\"section\">\n\t\t\t\t\t\t<div class=\"elementor-container elementor-column-gap-no\">\n\t\t\t\t\t\t\t<div class=\"elementor-row\">\n\t\t\t\t\t<div class=\"elementor-column elementor-col-50 elementor-inner-column elementor-element elementor-element-a21ca22\" data-id=\"a21ca22\" data-element_type=\"column\">\n\t\t\t<div class=\"elementor-column-wrap elementor-element-populated\">\n\t\t\t\t\t\t\t<div class=\"elementor-widget-wrap\">\n\t\t\t\t\t\t<div class=\"elementor-element elementor-element-8b375bc elementor-position-top elementor-vertical-align-top elementor-widget elementor-widget-image-box\" data-id=\"8b375bc\" data-element_type=\"widget\" data-widget_type=\"image-box.default\">\n\t\t\t\t<div class=\"elementor-widget-container\">\n\t\t\t<div class=\"elementor-image-box-wrapper\"><figure class=\"elementor-image-box-img\"><img loading=\"lazy\" decoding=\"async\" width=\"1016\" height=\"1016\" src=\"https:\/\/www.danleconsulting.com\/wp-content\/uploads\/2020\/10\/lettre-coche.png\" class=\"attachment-full size-full\" alt=\"\" srcset=\"https:\/\/www.danleconsulting.com\/wp-content\/uploads\/2020\/10\/lettre-coche.png 1016w, https:\/\/www.danleconsulting.com\/wp-content\/uploads\/2020\/10\/lettre-coche-150x150.png 150w, https:\/\/www.danleconsulting.com\/wp-content\/uploads\/2020\/10\/lettre-coche-300x300.png 300w, https:\/\/www.danleconsulting.com\/wp-content\/uploads\/2020\/10\/lettre-coche-768x768.png 768w, https:\/\/www.danleconsulting.com\/wp-content\/uploads\/2020\/10\/lettre-coche-700x700.png 700w, https:\/\/www.danleconsulting.com\/wp-content\/uploads\/2020\/10\/lettre-coche-520x520.png 520w, https:\/\/www.danleconsulting.com\/wp-content\/uploads\/2020\/10\/lettre-coche-360x360.png 360w, https:\/\/www.danleconsulting.com\/wp-content\/uploads\/2020\/10\/lettre-coche-250x250.png 250w, https:\/\/www.danleconsulting.com\/wp-content\/uploads\/2020\/10\/lettre-coche-100x100.png 100w\" sizes=\"(max-width: 1016px) 100vw, 1016px\" \/><\/figure><div class=\"elementor-image-box-content\"><h3 class=\"elementor-image-box-title\">CV\/Profil R\u00e9seau Social<\/h3><p class=\"elementor-image-box-description\">Vous vendre et mettre en avant, dans les mots comme dans la pr\u00e9sentation, l\u2019ensemble de vos qualit\u00e9s et comp\u00e9tences.<br> \n<br>Le but est de vous d\u00e9marquer positivement pour \u00e9merger de la pile et donner au recruteur l\u2019envie d\u2019en savoir plus par un entretien.<\/p><\/div><\/div>\t\t<\/div>\n\t\t\t\t<\/div>\n\t\t\t\t\t\t<\/div>\n\t\t\t\t\t<\/div>\n\t\t<\/div>\n\t\t\t\t<div class=\"elementor-column elementor-col-50 elementor-inner-column elementor-element elementor-element-f6eb572\" data-id=\"f6eb572\" data-element_type=\"column\">\n\t\t\t<div class=\"elementor-column-wrap elementor-element-populated\">\n\t\t\t\t\t\t\t<div class=\"elementor-widget-wrap\">\n\t\t\t\t\t\t<div class=\"elementor-element elementor-element-781b312 elementor-position-top elementor-vertical-align-top elementor-widget elementor-widget-image-box\" data-id=\"781b312\" data-element_type=\"widget\" data-widget_type=\"image-box.default\">\n\t\t\t\t<div class=\"elementor-widget-container\">\n\t\t\t<div class=\"elementor-image-box-wrapper\"><figure class=\"elementor-image-box-img\"><img loading=\"lazy\" decoding=\"async\" width=\"1016\" height=\"1016\" src=\"https:\/\/www.danleconsulting.com\/wp-content\/uploads\/2020\/10\/note-coche.png\" class=\"attachment-full size-full\" alt=\"\" srcset=\"https:\/\/www.danleconsulting.com\/wp-content\/uploads\/2020\/10\/note-coche.png 1016w, https:\/\/www.danleconsulting.com\/wp-content\/uploads\/2020\/10\/note-coche-150x150.png 150w, https:\/\/www.danleconsulting.com\/wp-content\/uploads\/2020\/10\/note-coche-300x300.png 300w, https:\/\/www.danleconsulting.com\/wp-content\/uploads\/2020\/10\/note-coche-768x768.png 768w, https:\/\/www.danleconsulting.com\/wp-content\/uploads\/2020\/10\/note-coche-700x700.png 700w, https:\/\/www.danleconsulting.com\/wp-content\/uploads\/2020\/10\/note-coche-520x520.png 520w, https:\/\/www.danleconsulting.com\/wp-content\/uploads\/2020\/10\/note-coche-360x360.png 360w, https:\/\/www.danleconsulting.com\/wp-content\/uploads\/2020\/10\/note-coche-250x250.png 250w, https:\/\/www.danleconsulting.com\/wp-content\/uploads\/2020\/10\/note-coche-100x100.png 100w\" sizes=\"(max-width: 1016px) 100vw, 1016px\" \/><\/figure><div class=\"elementor-image-box-content\"><h3 class=\"elementor-image-box-title\">Entretien<\/h3><p class=\"elementor-image-box-description\">Parce qu\u2019on n\u2019a qu\u2019une seule chance de faire une bonne premi\u00e8re impression, r\u00e9ussir un pitch pour vos entretiens de recrutement, vos entretiens r\u00e9seau.\n<br><br>Entretien RH ou avec votre futur manager, les crit\u00e8res d\u2019\u00e9valuation sont diff\u00e9rents. L\u2019objectif est de convaincre votre interlocuteur avec un discours impactant vers leurs attentes en capitalisant sur ce que vous \u00eates.<\/p><\/div><\/div>\t\t<\/div>\n\t\t\t\t<\/div>\n\t\t\t\t\t\t<\/div>\n\t\t\t\t\t<\/div>\n\t\t<\/div>\n\t\t\t\t\t\t\t\t<\/div>\n\t\t\t\t\t<\/div>\n\t\t<\/section>\n\t\t\t\t\t\t<\/div>\n\t\t\t\t\t<\/div>\n\t\t<\/div>\n\t\t\t\t\t\t\t\t<\/div>\n\t\t\t\t\t<\/div>\n\t\t<\/section>\n\t\t\t\t<section class=\"elementor-section elementor-top-section elementor-element elementor-element-05f4d82 elementor-section-boxed elementor-section-height-default elementor-section-height-default\" data-id=\"05f4d82\" data-element_type=\"section\">\n\t\t\t\t\t\t<div class=\"elementor-container elementor-column-gap-default\">\n\t\t\t\t\t\t\t<div class=\"elementor-row\">\n\t\t\t\t\t<div class=\"elementor-column elementor-col-100 elementor-top-column elementor-element elementor-element-0c551fd\" data-id=\"0c551fd\" data-element_type=\"column\">\n\t\t\t<div class=\"elementor-column-wrap elementor-element-populated\">\n\t\t\t\t\t\t\t<div class=\"elementor-widget-wrap\">\n\t\t\t\t\t\t<div class=\"elementor-element elementor-element-d5aa007 elementor-button-info elementor-align-center elementor-widget elementor-widget-button\" data-id=\"d5aa007\" data-element_type=\"widget\" data-widget_type=\"button.default\">\n\t\t\t\t<div class=\"elementor-widget-container\">\n\t\t\t\t\t<div class=\"elementor-button-wrapper\">\n\t\t\t<a href=\"http:\/\/www.danleconsulting.com\/index.php\/contact\/\" class=\"elementor-button-link elementor-button elementor-size-md\" role=\"button\">\n\t\t\t\t\t\t<span class=\"elementor-button-content-wrapper\">\n\t\t\t\t\t\t<span class=\"elementor-button-text\">Et si nous en parlions ?<\/span>\n\t\t<\/span>\n\t\t\t\t\t<\/a>\n\t\t<\/div>\n\t\t\t\t<\/div>\n\t\t\t\t<\/div>\n\t\t\t\t\t\t<\/div>\n\t\t\t\t\t<\/div>\n\t\t<\/div>\n\t\t\t\t\t\t\t\t<\/div>\n\t\t\t\t\t<\/div>\n\t\t<\/section>\n\t\t\t\t\t\t<\/div>\n\t\t\t\t\t\t<\/div>\n\t\t\t\t\t<\/div>\n\t\t","protected":false},"excerpt":{"rendered":"<p>Coaching Parce qu\u2019\u00e0 tout moment de votre parcours professionnel, que vous soyez en recherche de stage ou de poste, ou encore en recherche d\u2019\u00e9volution \u00e0 l\u2019int\u00e9rieur de l\u2019entreprise, le succ\u00e8s de votre d\u00e9marche d\u00e9pend de votre capacit\u00e9 \u00e0 valoriser vos [&hellip;]<\/p>\n","protected":false},"author":1,"featured_media":0,"parent":0,"menu_order":0,"comment_status":"closed","ping_status":"closed","template":"page-templates\/page_builder.php","meta":{"footnotes":""},"_links":{"self":[{"href":"https:\/\/www.danleconsulting.com\/index.php\/wp-json\/wp\/v2\/pages\/170"}],"collection":[{"href":"https:\/\/www.danleconsulting.com\/index.php\/wp-json\/wp\/v2\/pages"}],"about":[{"href":"https:\/\/www.danleconsulting.com\/index.php\/wp-json\/wp\/v2\/types\/page"}],"author":[{"embeddable":true,"href":"https:\/\/www.danleconsulting.com\/index.php\/wp-json\/wp\/v2\/users\/1"}],"replies":[{"embeddable":true,"href":"https:\/\/www.danleconsulting.com\/index.php\/wp-json\/wp\/v2\/comments?post=170"}],"version-history":[{"count":39,"href":"https:\/\/www.danleconsulting.com\/index.php\/wp-json\/wp\/v2\/pages\/170\/revisions"}],"predecessor-version":[{"id":728,"href":"https:\/\/www.danleconsulting.com\/index.php\/wp-json\/wp\/v2\/pages\/170\/revisions\/728"}],"wp:attachment":[{"href":"https:\/\/www.danleconsulting.com\/index.php\/wp-json\/wp\/v2\/media?parent=170"}],"curies":[{"name":"wp","href":"https:\/\/api.w.org\/{rel}","templated":true}]}}