{"id":116,"date":"2020-09-18T17:52:14","date_gmt":"2020-09-18T15:52:14","guid":{"rendered":"http:\/\/www.danleconsulting.com\/?page_id=116"},"modified":"2020-10-20T17:31:39","modified_gmt":"2020-10-20T15:31:39","slug":"mes-services","status":"publish","type":"page","link":"https:\/\/www.danleconsulting.com\/index.php\/mes-services\/","title":{"rendered":"Expertises Achats"},"content":{"rendered":"\t\t<div data-elementor-type=\"wp-page\" data-elementor-id=\"116\" class=\"elementor elementor-116\" data-elementor-settings=\"[]\">\n\t\t\t\t\t\t<div class=\"elementor-inner\">\n\t\t\t\t\t\t\t<div class=\"elementor-section-wrap\">\n\t\t\t\t\t\t\t<section class=\"elementor-section elementor-top-section elementor-element elementor-element-eb1bca2 elementor-section-boxed elementor-section-height-default elementor-section-height-default\" data-id=\"eb1bca2\" data-element_type=\"section\">\n\t\t\t\t\t\t<div class=\"elementor-container elementor-column-gap-default\">\n\t\t\t\t\t\t\t<div class=\"elementor-row\">\n\t\t\t\t\t<div class=\"elementor-column elementor-col-100 elementor-top-column elementor-element elementor-element-af1a8de\" data-id=\"af1a8de\" data-element_type=\"column\">\n\t\t\t<div class=\"elementor-column-wrap elementor-element-populated\">\n\t\t\t\t\t\t\t<div class=\"elementor-widget-wrap\">\n\t\t\t\t\t\t<div class=\"elementor-element elementor-element-9279d88 elementor-widget elementor-widget-heading\" data-id=\"9279d88\" data-element_type=\"widget\" data-widget_type=\"heading.default\">\n\t\t\t\t<div class=\"elementor-widget-container\">\n\t\t\t<h1 class=\"elementor-heading-title elementor-size-default\">Expertises Achats<\/h1>\t\t<\/div>\n\t\t\t\t<\/div>\n\t\t\t\t\t\t<\/div>\n\t\t\t\t\t<\/div>\n\t\t<\/div>\n\t\t\t\t\t\t\t\t<\/div>\n\t\t\t\t\t<\/div>\n\t\t<\/section>\n\t\t\t\t<section class=\"elementor-section elementor-top-section elementor-element elementor-element-c5db6c2 elementor-section-boxed elementor-section-height-default elementor-section-height-default\" data-id=\"c5db6c2\" data-element_type=\"section\">\n\t\t\t\t\t\t<div class=\"elementor-container elementor-column-gap-default\">\n\t\t\t\t\t\t\t<div class=\"elementor-row\">\n\t\t\t\t\t<div class=\"elementor-column elementor-col-50 elementor-top-column elementor-element elementor-element-fba598f\" data-id=\"fba598f\" data-element_type=\"column\">\n\t\t\t<div class=\"elementor-column-wrap elementor-element-populated\">\n\t\t\t\t\t\t\t<div class=\"elementor-widget-wrap\">\n\t\t\t\t\t\t<div class=\"elementor-element elementor-element-8a143a4 elementor-icon-list--layout-traditional elementor-list-item-link-full_width elementor-widget elementor-widget-icon-list\" data-id=\"8a143a4\" data-element_type=\"widget\" data-widget_type=\"icon-list.default\">\n\t\t\t\t<div class=\"elementor-widget-container\">\n\t\t\t\t\t<ul class=\"elementor-icon-list-items\">\n\t\t\t\t\t\t\t<li class=\"elementor-icon-list-item\">\n\t\t\t\t\t\t\t\t\t\t\t<span class=\"elementor-icon-list-icon\">\n\t\t\t\t\t\t\t<i aria-hidden=\"true\" class=\"fas fa-check\"><\/i>\t\t\t\t\t\t<\/span>\n\t\t\t\t\t\t\t\t\t\t<span class=\"elementor-icon-list-text\">Exp\u00e9riment\u00e9e sur des domaines achats diversifi\u00e9s : <b>Projet \/ Technique \/ Informatique \/Production \/Marketing Communication.<\/b><\/span>\n\t\t\t\t\t\t\t\t\t<\/li>\n\t\t\t\t\t\t\t\t<li class=\"elementor-icon-list-item\">\n\t\t\t\t\t\t\t\t\t\t\t<span class=\"elementor-icon-list-icon\">\n\t\t\t\t\t\t\t<i aria-hidden=\"true\" class=\"fas fa-check\"><\/i>\t\t\t\t\t\t<\/span>\n\t\t\t\t\t\t\t\t\t\t<span class=\"elementor-icon-list-text\"><b>Ma\u00eetrise m\u00e9tier<\/b> en Marketing &amp; Communication et Syst\u00e8me Information.<\/span>\n\t\t\t\t\t\t\t\t\t<\/li>\n\t\t\t\t\t\t\t\t<li class=\"elementor-icon-list-item\">\n\t\t\t\t\t\t\t\t\t\t\t<span class=\"elementor-icon-list-icon\">\n\t\t\t\t\t\t\t<i aria-hidden=\"true\" class=\"fas fa-check\"><\/i>\t\t\t\t\t\t<\/span>\n\t\t\t\t\t\t\t\t\t\t<span class=\"elementor-icon-list-text\"><b>Business Partner<\/b> pour atteindre les enjeux strat\u00e9giques.<\/span>\n\t\t\t\t\t\t\t\t\t<\/li>\n\t\t\t\t\t\t\t\t<li class=\"elementor-icon-list-item\">\n\t\t\t\t\t\t\t\t\t\t\t<span class=\"elementor-icon-list-icon\">\n\t\t\t\t\t\t\t<i aria-hidden=\"true\" class=\"fas fa-check\"><\/i>\t\t\t\t\t\t<\/span>\n\t\t\t\t\t\t\t\t\t\t<span class=\"elementor-icon-list-text\">Leadership en coordination des structures transverses et <b>internationales<\/b>.<\/span>\n\t\t\t\t\t\t\t\t\t<\/li>\n\t\t\t\t\t\t\t\t<li class=\"elementor-icon-list-item\">\n\t\t\t\t\t\t\t\t\t\t\t<span class=\"elementor-icon-list-icon\">\n\t\t\t\t\t\t\t<i aria-hidden=\"true\" class=\"fas fa-check\"><\/i>\t\t\t\t\t\t<\/span>\n\t\t\t\t\t\t\t\t\t\t<span class=\"elementor-icon-list-text\">Qualifi\u00e9e en <b>gestion<\/b> <b>de projet<\/b> et conduite du changement.<\/span>\n\t\t\t\t\t\t\t\t\t<\/li>\n\t\t\t\t\t\t\t\t<li class=\"elementor-icon-list-item\">\n\t\t\t\t\t\t\t\t\t\t\t<span class=\"elementor-icon-list-icon\">\n\t\t\t\t\t\t\t<i aria-hidden=\"true\" class=\"fas fa-check\"><\/i>\t\t\t\t\t\t<\/span>\n\t\t\t\t\t\t\t\t\t\t<span class=\"elementor-icon-list-text\">Sens de la <b>p\u00e9dagogie<\/b> et de l'accompagnement.<\/span>\n\t\t\t\t\t\t\t\t\t<\/li>\n\t\t\t\t\t\t<\/ul>\n\t\t\t\t<\/div>\n\t\t\t\t<\/div>\n\t\t\t\t\t\t<\/div>\n\t\t\t\t\t<\/div>\n\t\t<\/div>\n\t\t\t\t<div class=\"elementor-column elementor-col-50 elementor-top-column elementor-element elementor-element-27c6bdd\" data-id=\"27c6bdd\" data-element_type=\"column\">\n\t\t\t<div class=\"elementor-column-wrap elementor-element-populated\">\n\t\t\t\t\t\t\t<div class=\"elementor-widget-wrap\">\n\t\t\t\t\t\t<div class=\"elementor-element elementor-element-4d792fa elementor-widget elementor-widget-image\" data-id=\"4d792fa\" data-element_type=\"widget\" data-widget_type=\"image.default\">\n\t\t\t\t<div class=\"elementor-widget-container\">\n\t\t\t\t\t<div class=\"elementor-image\">\n\t\t\t\t\t\t\t\t\t\t<img loading=\"lazy\" decoding=\"async\" width=\"640\" height=\"614\" src=\"https:\/\/www.danleconsulting.com\/wp-content\/uploads\/2020\/10\/Achats.png\" class=\"attachment-large size-large\" alt=\"\" srcset=\"https:\/\/www.danleconsulting.com\/wp-content\/uploads\/2020\/10\/Achats.png 704w, https:\/\/www.danleconsulting.com\/wp-content\/uploads\/2020\/10\/Achats-300x288.png 300w, https:\/\/www.danleconsulting.com\/wp-content\/uploads\/2020\/10\/Achats-700x671.png 700w, https:\/\/www.danleconsulting.com\/wp-content\/uploads\/2020\/10\/Achats-520x499.png 520w, https:\/\/www.danleconsulting.com\/wp-content\/uploads\/2020\/10\/Achats-360x345.png 360w, https:\/\/www.danleconsulting.com\/wp-content\/uploads\/2020\/10\/Achats-250x240.png 250w, https:\/\/www.danleconsulting.com\/wp-content\/uploads\/2020\/10\/Achats-100x96.png 100w\" sizes=\"(max-width: 640px) 100vw, 640px\" \/>\t\t\t\t\t\t\t\t\t\t\t<\/div>\n\t\t\t\t<\/div>\n\t\t\t\t<\/div>\n\t\t\t\t\t\t<\/div>\n\t\t\t\t\t<\/div>\n\t\t<\/div>\n\t\t\t\t\t\t\t\t<\/div>\n\t\t\t\t\t<\/div>\n\t\t<\/section>\n\t\t\t\t<section class=\"elementor-section elementor-top-section elementor-element elementor-element-cd9d83e elementor-section-boxed elementor-section-height-default elementor-section-height-default\" data-id=\"cd9d83e\" data-element_type=\"section\">\n\t\t\t\t\t\t<div class=\"elementor-container elementor-column-gap-default\">\n\t\t\t\t\t\t\t<div class=\"elementor-row\">\n\t\t\t\t\t<div class=\"elementor-column elementor-col-100 elementor-top-column elementor-element elementor-element-6ea3377\" data-id=\"6ea3377\" data-element_type=\"column\">\n\t\t\t<div class=\"elementor-column-wrap elementor-element-populated\">\n\t\t\t\t\t\t\t<div class=\"elementor-widget-wrap\">\n\t\t\t\t\t\t<div class=\"elementor-element elementor-element-85f6650 elementor-widget-divider--view-line_icon elementor-view-default elementor-widget-divider--element-align-center elementor-widget elementor-widget-divider\" data-id=\"85f6650\" data-element_type=\"widget\" data-widget_type=\"divider.default\">\n\t\t\t\t<div class=\"elementor-widget-container\">\n\t\t\t\t\t<div class=\"elementor-divider\">\n\t\t\t<span class=\"elementor-divider-separator\">\n\t\t\t\t\t\t\t<div class=\"elementor-icon elementor-divider__element\">\n\t\t\t\t\t<i aria-hidden=\"true\" class=\"far fa-circle\"><\/i><\/div>\n\t\t\t\t\t\t<\/span>\n\t\t<\/div>\n\t\t\t\t<\/div>\n\t\t\t\t<\/div>\n\t\t\t\t<div class=\"elementor-element elementor-element-55f1cd5 elementor-widget elementor-widget-heading\" data-id=\"55f1cd5\" data-element_type=\"widget\" data-widget_type=\"heading.default\">\n\t\t\t\t<div class=\"elementor-widget-container\">\n\t\t\t<h2 class=\"elementor-heading-title elementor-size-default\">Mes Prestations<\/h2>\t\t<\/div>\n\t\t\t\t<\/div>\n\t\t\t\t\t\t<\/div>\n\t\t\t\t\t<\/div>\n\t\t<\/div>\n\t\t\t\t\t\t\t\t<\/div>\n\t\t\t\t\t<\/div>\n\t\t<\/section>\n\t\t\t\t<section class=\"elementor-section elementor-top-section elementor-element elementor-element-0d7938e elementor-section-boxed elementor-section-height-default elementor-section-height-default\" data-id=\"0d7938e\" data-element_type=\"section\">\n\t\t\t\t\t\t<div class=\"elementor-container elementor-column-gap-default\">\n\t\t\t\t\t\t\t<div class=\"elementor-row\">\n\t\t\t\t\t<div class=\"elementor-column elementor-col-100 elementor-top-column elementor-element elementor-element-7b748d2\" data-id=\"7b748d2\" data-element_type=\"column\">\n\t\t\t<div class=\"elementor-column-wrap elementor-element-populated\">\n\t\t\t\t\t\t\t<div class=\"elementor-widget-wrap\">\n\t\t\t\t\t\t<section class=\"elementor-section elementor-inner-section elementor-element elementor-element-79bfb80 elementor-section-content-middle elementor-section-boxed elementor-section-height-default elementor-section-height-default\" data-id=\"79bfb80\" data-element_type=\"section\">\n\t\t\t\t\t\t<div class=\"elementor-container elementor-column-gap-no\">\n\t\t\t\t\t\t\t<div class=\"elementor-row\">\n\t\t\t\t\t<div class=\"elementor-column elementor-col-33 elementor-inner-column elementor-element elementor-element-6759f44\" data-id=\"6759f44\" data-element_type=\"column\">\n\t\t\t<div class=\"elementor-column-wrap elementor-element-populated\">\n\t\t\t\t\t\t\t<div class=\"elementor-widget-wrap\">\n\t\t\t\t\t\t<div class=\"elementor-element elementor-element-f689346 elementor-position-top elementor-vertical-align-top elementor-widget elementor-widget-image-box\" data-id=\"f689346\" data-element_type=\"widget\" data-widget_type=\"image-box.default\">\n\t\t\t\t<div class=\"elementor-widget-container\">\n\t\t\t<div class=\"elementor-image-box-wrapper\"><figure class=\"elementor-image-box-img\"><img loading=\"lazy\" decoding=\"async\" width=\"487\" height=\"479\" src=\"https:\/\/www.danleconsulting.com\/wp-content\/uploads\/2020\/10\/Mains.png\" class=\"attachment-full size-full\" alt=\"\" srcset=\"https:\/\/www.danleconsulting.com\/wp-content\/uploads\/2020\/10\/Mains.png 487w, https:\/\/www.danleconsulting.com\/wp-content\/uploads\/2020\/10\/Mains-300x295.png 300w, https:\/\/www.danleconsulting.com\/wp-content\/uploads\/2020\/10\/Mains-360x354.png 360w, https:\/\/www.danleconsulting.com\/wp-content\/uploads\/2020\/10\/Mains-250x246.png 250w, https:\/\/www.danleconsulting.com\/wp-content\/uploads\/2020\/10\/Mains-100x98.png 100w\" sizes=\"(max-width: 487px) 100vw, 487px\" \/><\/figure><div class=\"elementor-image-box-content\"><h3 class=\"elementor-image-box-title\">Accompagnement Op\u00e9rationnel<\/h3><p class=\"elementor-image-box-description\">Mise \u00e0 disposition de comp\u00e9tences &amp; expertises m\u00e9tier<br>\nManagement de transition<\/p><\/div><\/div>\t\t<\/div>\n\t\t\t\t<\/div>\n\t\t\t\t\t\t<\/div>\n\t\t\t\t\t<\/div>\n\t\t<\/div>\n\t\t\t\t<div class=\"elementor-column elementor-col-33 elementor-inner-column elementor-element elementor-element-698eda2\" data-id=\"698eda2\" data-element_type=\"column\">\n\t\t\t<div class=\"elementor-column-wrap elementor-element-populated\">\n\t\t\t\t\t\t\t<div class=\"elementor-widget-wrap\">\n\t\t\t\t\t\t<div class=\"elementor-element elementor-element-27519af elementor-position-top elementor-vertical-align-top elementor-widget elementor-widget-image-box\" data-id=\"27519af\" data-element_type=\"widget\" data-widget_type=\"image-box.default\">\n\t\t\t\t<div class=\"elementor-widget-container\">\n\t\t\t<div class=\"elementor-image-box-wrapper\"><figure class=\"elementor-image-box-img\"><img loading=\"lazy\" decoding=\"async\" width=\"508\" height=\"479\" src=\"https:\/\/www.danleconsulting.com\/wp-content\/uploads\/2020\/10\/Courbe.png\" class=\"attachment-full size-full\" alt=\"\" srcset=\"https:\/\/www.danleconsulting.com\/wp-content\/uploads\/2020\/10\/Courbe.png 508w, https:\/\/www.danleconsulting.com\/wp-content\/uploads\/2020\/10\/Courbe-300x283.png 300w, https:\/\/www.danleconsulting.com\/wp-content\/uploads\/2020\/10\/Courbe-360x339.png 360w, https:\/\/www.danleconsulting.com\/wp-content\/uploads\/2020\/10\/Courbe-250x236.png 250w, https:\/\/www.danleconsulting.com\/wp-content\/uploads\/2020\/10\/Courbe-100x94.png 100w\" sizes=\"(max-width: 508px) 100vw, 508px\" \/><\/figure><div class=\"elementor-image-box-content\"><h3 class=\"elementor-image-box-title\">Conseil<\/h3><p class=\"elementor-image-box-description\">Diagnostic d\u2019organisation et de portefeuille achats\n<br>Structuration &amp; d\u00e9ploiement d\u2019organisation&nbsp;\n<br>D\u00e9finition &amp; animation de plan&nbsp; de performance<\/p><\/div><\/div>\t\t<\/div>\n\t\t\t\t<\/div>\n\t\t\t\t\t\t<\/div>\n\t\t\t\t\t<\/div>\n\t\t<\/div>\n\t\t\t\t<div class=\"elementor-column elementor-col-33 elementor-inner-column elementor-element elementor-element-8a012b8\" data-id=\"8a012b8\" data-element_type=\"column\">\n\t\t\t<div class=\"elementor-column-wrap elementor-element-populated\">\n\t\t\t\t\t\t\t<div class=\"elementor-widget-wrap\">\n\t\t\t\t\t\t<div class=\"elementor-element elementor-element-d465f1f elementor-position-top elementor-vertical-align-top elementor-widget elementor-widget-image-box\" data-id=\"d465f1f\" data-element_type=\"widget\" data-widget_type=\"image-box.default\">\n\t\t\t\t<div class=\"elementor-widget-container\">\n\t\t\t<div class=\"elementor-image-box-wrapper\"><figure class=\"elementor-image-box-img\"><img loading=\"lazy\" decoding=\"async\" width=\"508\" height=\"479\" src=\"https:\/\/www.danleconsulting.com\/wp-content\/uploads\/2020\/10\/Formatio.png\" class=\"attachment-full size-full\" alt=\"\" srcset=\"https:\/\/www.danleconsulting.com\/wp-content\/uploads\/2020\/10\/Formatio.png 508w, https:\/\/www.danleconsulting.com\/wp-content\/uploads\/2020\/10\/Formatio-300x283.png 300w, https:\/\/www.danleconsulting.com\/wp-content\/uploads\/2020\/10\/Formatio-360x339.png 360w, https:\/\/www.danleconsulting.com\/wp-content\/uploads\/2020\/10\/Formatio-250x236.png 250w, https:\/\/www.danleconsulting.com\/wp-content\/uploads\/2020\/10\/Formatio-100x94.png 100w\" sizes=\"(max-width: 508px) 100vw, 508px\" \/><\/figure><div class=\"elementor-image-box-content\"><h3 class=\"elementor-image-box-title\">Formation<\/h3><p class=\"elementor-image-box-description\">Formation Achats &amp; Management en pr\u00e9sentiel &amp; distanciel\n<br>Design &amp; D\u00e9ploiement d\u2019animation p\u00e9dagogique efficiente (format court\u2026)<\/p><\/div><\/div>\t\t<\/div>\n\t\t\t\t<\/div>\n\t\t\t\t\t\t<\/div>\n\t\t\t\t\t<\/div>\n\t\t<\/div>\n\t\t\t\t\t\t\t\t<\/div>\n\t\t\t\t\t<\/div>\n\t\t<\/section>\n\t\t\t\t<div class=\"elementor-element elementor-element-cff9873 elementor-widget elementor-widget-text-editor\" data-id=\"cff9873\" data-element_type=\"widget\" data-widget_type=\"text-editor.default\">\n\t\t\t\t<div class=\"elementor-widget-container\">\n\t\t\t\t\t<div class=\"elementor-text-editor elementor-clearfix\"><p>Mon parcours de plus de 20 ans dans les Achats de groupes internationaux (Shell et Canal+) m\u2019a permis d\u2019acqu\u00e9rir une solide expertise sur un large p\u00e9rim\u00e8tre d\u2019achats.<\/p><p>\u00a0<\/p><p>\u00a0<\/p><p>L\u2019expertise en termes d\u2019analyse strat\u00e9gique et de n\u00e9gociation ainsi que les capacit\u00e9s indispensables au pilotage d\u2019activit\u00e9 par objectifs &#8211; \u00e0 savoir l\u2019excellence op\u00e9rationnelle, l\u2019esprit d&#8217;initiative, le sens du r\u00e9sultat et la capacit\u00e9 \u00e0 favoriser les relations transverses &#8211; sont les savoir-faire de ma proposition de valeur pour r\u00e9soudre vos probl\u00e9matiques achats et mettre en place vos projets de transformation.<\/p><p>\u00a0<\/p><p>\u00a0<\/p><p><b>Vous manquez de temps, de ressources ou d\u2019expertises sp\u00e9cifiques pour mener \u00e0 bien vos optimisations achats ?<\/b><\/p><p><b>Je vous propose une expertise sur mesure pour faire de vos achats un vecteur de comp\u00e9titivit\u00e9 :<\/b><\/p><\/div>\n\t\t\t\t<\/div>\n\t\t\t\t<\/div>\n\t\t\t\t<div class=\"elementor-element elementor-element-f95ae40 elementor-icon-list--layout-traditional elementor-list-item-link-full_width elementor-widget elementor-widget-icon-list\" data-id=\"f95ae40\" data-element_type=\"widget\" data-widget_type=\"icon-list.default\">\n\t\t\t\t<div class=\"elementor-widget-container\">\n\t\t\t\t\t<ul class=\"elementor-icon-list-items\">\n\t\t\t\t\t\t\t<li class=\"elementor-icon-list-item\">\n\t\t\t\t\t\t\t\t\t\t\t<span class=\"elementor-icon-list-icon\">\n\t\t\t\t\t\t\t<i aria-hidden=\"true\" class=\"fas fa-check\"><\/i>\t\t\t\t\t\t<\/span>\n\t\t\t\t\t\t\t\t\t\t<span class=\"elementor-icon-list-text\">Conseil pour optimiser vos achats au quotidien, g\u00e9rer et anticiper les risques, piloter les projets \u00e0 enjeux,<\/span>\n\t\t\t\t\t\t\t\t\t<\/li>\n\t\t\t\t\t\t\t\t<li class=\"elementor-icon-list-item\">\n\t\t\t\t\t\t\t\t\t\t\t<span class=\"elementor-icon-list-icon\">\n\t\t\t\t\t\t\t<i aria-hidden=\"true\" class=\"fas fa-check\"><\/i>\t\t\t\t\t\t<\/span>\n\t\t\t\t\t\t\t\t\t\t<span class=\"elementor-icon-list-text\">Intervention op\u00e9rationnelle au sein de vos \u00e9quipes (achats techniques, informatiques, marketing et communication, projets),<\/span>\n\t\t\t\t\t\t\t\t\t<\/li>\n\t\t\t\t\t\t\t\t<li class=\"elementor-icon-list-item\">\n\t\t\t\t\t\t\t\t\t\t\t<span class=\"elementor-icon-list-icon\">\n\t\t\t\t\t\t\t<i aria-hidden=\"true\" class=\"fas fa-check\"><\/i>\t\t\t\t\t\t<\/span>\n\t\t\t\t\t\t\t\t\t\t<span class=\"elementor-icon-list-text\">Formation achats pour augmenter l\u2019efficacit\u00e9 de vos \u00e9quipes et d\u00e9velopper une culture achats commune.<\/span>\n\t\t\t\t\t\t\t\t\t<\/li>\n\t\t\t\t\t\t<\/ul>\n\t\t\t\t<\/div>\n\t\t\t\t<\/div>\n\t\t\t\t<div class=\"elementor-element elementor-element-7ae2127 elementor-button-info elementor-align-center elementor-widget elementor-widget-button\" data-id=\"7ae2127\" data-element_type=\"widget\" data-widget_type=\"button.default\">\n\t\t\t\t<div class=\"elementor-widget-container\">\n\t\t\t\t\t<div class=\"elementor-button-wrapper\">\n\t\t\t<a href=\"http:\/\/www.danleconsulting.com\/index.php\/contact\/\" class=\"elementor-button-link elementor-button elementor-size-md\" role=\"button\">\n\t\t\t\t\t\t<span class=\"elementor-button-content-wrapper\">\n\t\t\t\t\t\t<span class=\"elementor-button-text\">Et si nous en parlions ?<\/span>\n\t\t<\/span>\n\t\t\t\t\t<\/a>\n\t\t<\/div>\n\t\t\t\t<\/div>\n\t\t\t\t<\/div>\n\t\t\t\t\t\t<\/div>\n\t\t\t\t\t<\/div>\n\t\t<\/div>\n\t\t\t\t\t\t\t\t<\/div>\n\t\t\t\t\t<\/div>\n\t\t<\/section>\n\t\t\t\t<section class=\"elementor-section elementor-top-section elementor-element elementor-element-50d7d04 elementor-section-boxed elementor-section-height-default elementor-section-height-default\" data-id=\"50d7d04\" data-element_type=\"section\">\n\t\t\t\t\t\t<div class=\"elementor-container elementor-column-gap-default\">\n\t\t\t\t\t\t\t<div class=\"elementor-row\">\n\t\t\t\t\t<div class=\"elementor-column elementor-col-100 elementor-top-column elementor-element elementor-element-67696ca\" data-id=\"67696ca\" data-element_type=\"column\">\n\t\t\t<div class=\"elementor-column-wrap elementor-element-populated\">\n\t\t\t\t\t\t\t<div class=\"elementor-widget-wrap\">\n\t\t\t\t\t\t<div class=\"elementor-element elementor-element-35cd359 elementor-widget-divider--view-line_icon elementor-view-default elementor-widget-divider--element-align-center elementor-widget elementor-widget-divider\" data-id=\"35cd359\" data-element_type=\"widget\" data-widget_type=\"divider.default\">\n\t\t\t\t<div class=\"elementor-widget-container\">\n\t\t\t\t\t<div class=\"elementor-divider\">\n\t\t\t<span class=\"elementor-divider-separator\">\n\t\t\t\t\t\t\t<div class=\"elementor-icon elementor-divider__element\">\n\t\t\t\t\t<i aria-hidden=\"true\" class=\"far fa-circle\"><\/i><\/div>\n\t\t\t\t\t\t<\/span>\n\t\t<\/div>\n\t\t\t\t<\/div>\n\t\t\t\t<\/div>\n\t\t\t\t<div class=\"elementor-element elementor-element-6ac977d elementor-widget elementor-widget-heading\" data-id=\"6ac977d\" data-element_type=\"widget\" data-widget_type=\"heading.default\">\n\t\t\t\t<div class=\"elementor-widget-container\">\n\t\t\t<h2 class=\"elementor-heading-title elementor-size-default\">Mes Interventions<\/h2>\t\t<\/div>\n\t\t\t\t<\/div>\n\t\t\t\t\t\t<\/div>\n\t\t\t\t\t<\/div>\n\t\t<\/div>\n\t\t\t\t\t\t\t\t<\/div>\n\t\t\t\t\t<\/div>\n\t\t<\/section>\n\t\t\t\t<section class=\"elementor-section elementor-top-section elementor-element elementor-element-1a77ae3 elementor-section-boxed elementor-section-height-default elementor-section-height-default\" data-id=\"1a77ae3\" data-element_type=\"section\">\n\t\t\t\t\t\t<div class=\"elementor-container elementor-column-gap-default\">\n\t\t\t\t\t\t\t<div class=\"elementor-row\">\n\t\t\t\t\t<div class=\"elementor-column elementor-col-100 elementor-top-column elementor-element elementor-element-6a78303\" data-id=\"6a78303\" data-element_type=\"column\">\n\t\t\t<div class=\"elementor-column-wrap elementor-element-populated\">\n\t\t\t\t\t\t\t<div class=\"elementor-widget-wrap\">\n\t\t\t\t\t\t<div class=\"elementor-element elementor-element-dffed66 elementor-widget elementor-widget-text-editor\" data-id=\"dffed66\" data-element_type=\"widget\" data-widget_type=\"text-editor.default\">\n\t\t\t\t<div class=\"elementor-widget-container\">\n\t\t\t\t\t<div class=\"elementor-text-editor elementor-clearfix\"><p>Je peux intervenir \u00e0 toutes les \u00e9tapes de votre processus achats, en renfort de vos \u00e9quipes, en ponctuel ou \u00e0 temps plein.<\/p><\/div>\n\t\t\t\t<\/div>\n\t\t\t\t<\/div>\n\t\t\t\t<div class=\"elementor-element elementor-element-ec3cac6 elementor-widget elementor-widget-image\" data-id=\"ec3cac6\" data-element_type=\"widget\" data-widget_type=\"image.default\">\n\t\t\t\t<div class=\"elementor-widget-container\">\n\t\t\t\t\t<div class=\"elementor-image\">\n\t\t\t\t\t\t\t\t\t\t<img loading=\"lazy\" decoding=\"async\" width=\"1846\" height=\"677\" src=\"https:\/\/www.danleconsulting.com\/wp-content\/uploads\/2020\/10\/Process.png\" class=\"attachment-full size-full\" alt=\"\" srcset=\"https:\/\/www.danleconsulting.com\/wp-content\/uploads\/2020\/10\/Process.png 1846w, https:\/\/www.danleconsulting.com\/wp-content\/uploads\/2020\/10\/Process-300x110.png 300w, https:\/\/www.danleconsulting.com\/wp-content\/uploads\/2020\/10\/Process-768x282.png 768w, https:\/\/www.danleconsulting.com\/wp-content\/uploads\/2020\/10\/Process-1024x376.png 1024w, https:\/\/www.danleconsulting.com\/wp-content\/uploads\/2020\/10\/Process-700x257.png 700w, https:\/\/www.danleconsulting.com\/wp-content\/uploads\/2020\/10\/Process-520x191.png 520w, https:\/\/www.danleconsulting.com\/wp-content\/uploads\/2020\/10\/Process-360x132.png 360w, https:\/\/www.danleconsulting.com\/wp-content\/uploads\/2020\/10\/Process-250x92.png 250w, https:\/\/www.danleconsulting.com\/wp-content\/uploads\/2020\/10\/Process-100x37.png 100w\" sizes=\"(max-width: 1846px) 100vw, 1846px\" \/>\t\t\t\t\t\t\t\t\t\t\t<\/div>\n\t\t\t\t<\/div>\n\t\t\t\t<\/div>\n\t\t\t\t\t\t<\/div>\n\t\t\t\t\t<\/div>\n\t\t<\/div>\n\t\t\t\t\t\t\t\t<\/div>\n\t\t\t\t\t<\/div>\n\t\t<\/section>\n\t\t\t\t\t\t<\/div>\n\t\t\t\t\t\t<\/div>\n\t\t\t\t\t<\/div>\n\t\t","protected":false},"excerpt":{"rendered":"<p>Expertises Achats Exp\u00e9riment\u00e9e sur des domaines achats diversifi\u00e9s : Projet \/ Technique \/ Informatique \/Production \/Marketing Communication. Ma\u00eetrise m\u00e9tier en Marketing &amp; Communication et Syst\u00e8me Information. Business Partner pour atteindre les enjeux strat\u00e9giques. Leadership en coordination des structures transverses et [&hellip;]<\/p>\n","protected":false},"author":1,"featured_media":0,"parent":0,"menu_order":0,"comment_status":"closed","ping_status":"closed","template":"page-templates\/page_builder.php","meta":{"footnotes":""},"_links":{"self":[{"href":"https:\/\/www.danleconsulting.com\/index.php\/wp-json\/wp\/v2\/pages\/116"}],"collection":[{"href":"https:\/\/www.danleconsulting.com\/index.php\/wp-json\/wp\/v2\/pages"}],"about":[{"href":"https:\/\/www.danleconsulting.com\/index.php\/wp-json\/wp\/v2\/types\/page"}],"author":[{"embeddable":true,"href":"https:\/\/www.danleconsulting.com\/index.php\/wp-json\/wp\/v2\/users\/1"}],"replies":[{"embeddable":true,"href":"https:\/\/www.danleconsulting.com\/index.php\/wp-json\/wp\/v2\/comments?post=116"}],"version-history":[{"count":89,"href":"https:\/\/www.danleconsulting.com\/index.php\/wp-json\/wp\/v2\/pages\/116\/revisions"}],"predecessor-version":[{"id":731,"href":"https:\/\/www.danleconsulting.com\/index.php\/wp-json\/wp\/v2\/pages\/116\/revisions\/731"}],"wp:attachment":[{"href":"https:\/\/www.danleconsulting.com\/index.php\/wp-json\/wp\/v2\/media?parent=116"}],"curies":[{"name":"wp","href":"https:\/\/api.w.org\/{rel}","templated":true}]}}